{"id":3759,"date":"2022-02-22T13:54:44","date_gmt":"2022-02-22T12:54:44","guid":{"rendered":"https:\/\/send-os.com\/datenschutzerklaerung\/"},"modified":"2022-03-04T11:21:28","modified_gmt":"2022-03-04T10:21:28","slug":"datenschutzerklaerung","status":"publish","type":"page","link":"https:\/\/send-os.com\/en\/datenschutzerklaerung\/","title":{"rendered":"Datenschutzerkl\u00e4rung"},"content":{"rendered":"<h2>\u00a7 1 Allgemeine Informationen<\/h2>\n<p><strong>(1)<\/strong> Im Folgenden informieren wir \u00fcber die Erhebung personenbezogener Daten bei Nutzung unserer Website. Personenbezogene Daten sind alle Daten, die auf Sie pers\u00f6nlich beziehbar sind, z.\u2009B. Name, Adresse, E-Mail-Adressen, Nutzerverhalten. Ferner informieren wir Sie \u00fcber die Ihnen zustehenden Rechte.<\/p>\n<p><strong>(2)<\/strong> Verantwortlicher gem. Art. 4 Abs. 7 EU-Datenschutz-Grundverordnung (DS-GVO) ist<\/p>\n<p>sendOS GmbH<br \/>\nSonnenweg 3<br \/>\nDE-14558 Nuthetal<\/p>\n<p><a href=\"mailto:info@send-os.com\">info@send-os.com<\/a><\/p>\n<p><strong>(3)<\/strong> Der Datenschutzbeauftragte des f\u00fcr die Verarbeitung Verantwortlichen ist:<\/p>\n<p>Herr RA Daniel Rink<br \/>\nRink Rechtsanwaltsgesellschaft mbH<br \/>\nExpo Plaza 1<br \/>\n30539 Hannover<br \/>\nDeutschland<br \/>\nE-Mail: <a href=\"mailto:send-os@rink-legal.de\">send-os@rink-legal.de<\/a><\/p>\n<p>Jede betroffene Person kann sich mit allen Fragen zum Datenschutz direkt an den Datenschutzbeauftragten wenden.<\/p>\n<p><strong>(4)<\/strong> Arten der verarbeiteten Daten:<\/p>\n<ul>\n<li>Bestandsdaten (z.B., Namen, Adressen).<\/li>\n<li>Kontaktdaten (z.B., E-Mail, Telefonnummern).<\/li>\n<li>Inhaltsdaten (z.B., Texteingaben, Fotografien, Videos).<\/li>\n<li>Nutzungsdaten (z.B., besuchte Webseiten, Interesse an Inhalten, Zugriffszeiten).<\/li>\n<li>Meta-\/Kommunikationsdaten (z.B., Ger\u00e4te-Informationen, IP-Adressen).<\/li>\n<\/ul>\n<p><strong>(5)<\/strong> Wir erheben personenbezogene Daten von den Besuchen des Onlineangebotes<\/p>\n<p><strong>(6)<\/strong> Falls wir Rechtsgrundlagen in unserer Datenschutzerkl\u00e4rung nicht genannt haben, gilt Folgendes: Die Rechtsgrundlage f\u00fcr die Einholung von Einwilligungen ist Art. 6 Abs. 1 lit. a und Art. 7 DSGVO, die Rechtsgrundlage f\u00fcr die Verarbeitung zur Erf\u00fcllung unserer Leistungen und Durchf\u00fchrung vertraglicher Ma\u00dfnahmen sowie Beantwortung von Anfragen ist Art. 6 Abs. 1 lit. b DSGVO, die Rechtsgrundlage f\u00fcr die Verarbeitung zur Erf\u00fcllung unserer rechtlichen Verpflichtungen ist Art. 6 Abs. 1 lit. c DSGVO, und die Rechtsgrundlage f\u00fcr die Verarbeitung zur Wahrung unserer berechtigten Interessen ist Art. 6 Abs. 1 lit. f DSGVO. F\u00fcr den Fall, dass lebenswichtige Interessen der betroffenen Person oder einer anderen nat\u00fcrlichen Person eine Verarbeitung personenbezogener Daten erforderlich machen, dient Art. 6 Abs. 1 lit. d DSGVO als Rechtsgrundlage.<\/p>\n<p><strong>(7)<\/strong> Teilweise bedienen wir uns zur Verarbeitung Ihrer Daten externer Dienstleister. Diese wurden von uns sorgf\u00e4ltig ausgew\u00e4hlt und beauftragt, sind an unsere Weisungen gebunden und werden regelm\u00e4\u00dfig kontrolliert. Dies erfolgt \u00fcber einen Auftragsverarbeitungsvertrag.<\/p>\n<p><strong>(8)<\/strong> Soweit unsere Dienstleister oder Partner ihren Sitz in einem Staat au\u00dferhalb des Europ\u00e4ischen Wirtschaftsraumen (EWR) haben, erfolgt die Verarbeitung nur, wenn es zur Erf\u00fcllung unserer vertraglichen Pflichten, auf Grundlage Ihrer Einwilligung, aufgrund einer rechtlichen Verpflichtung oder auf Grundlage unserer berechtigten Interessen geschieht. Vorbehaltlich gesetzlicher oder vertraglicher Erlaubnisse, verarbeiten oder lassen wir die Daten in einem Drittland nur beim Vorliegen der besonderen Voraussetzungen der Art. 44 ff. DSGVO verarbeiten. D.h. die Verarbeitung erfolgt z.B. auf Grundlage besonderer Garantien, wie der offiziell anerkannten Feststellung eines der EU entsprechenden Datenschutzniveaus (z.B. f\u00fcr die USA durch das \u201ePrivacy Shield\u201c) oder Beachtung offiziell anerkannter spezieller vertraglicher Verpflichtungen (so genannte \u201eStandardvertragsklauseln\u201c).<\/p>\n<p><strong>(9)<\/strong> Gem\u00e4\u00df Art. 17 und 18 DSGVO werden die von uns verarbeiteten personenbezogenen Daten gel\u00f6scht oder in ihrer Verarbeitung eingeschr\u00e4nkt. Sofern nicht anders angegeben, werden personenbezogene Daten gel\u00f6scht, sobald sie f\u00fcr ihre Zweckbestimmung nicht mehr erforderlich sind und der L\u00f6schung keine anderen Gr\u00fcnde f\u00fcr eine Speicherung entgegenstehen (z.B. die Sicherung von Beweismitteln). Sofern die Daten nicht gel\u00f6scht werden, weil sie f\u00fcr andere und gesetzlich zul\u00e4ssige Zwecke erforderlich sind, wird deren Verarbeitung eingeschr\u00e4nkt. D.h. die Daten werden gesperrt und nicht f\u00fcr andere Zwecke verarbeitet.<\/p>\n<h2>\u00a7 2 Ihre Rechte<\/h2>\n<p>Sie haben das Recht:<\/p>\n<ul>\n<li>gem\u00e4\u00df Art. 7 Abs. 3 DSGVO Ihre einmal erteilte Einwilligung jederzeit gegen\u00fcber uns zu widerrufen. Dies hat zur Folge, dass wir die Datenverarbeitung, die auf dieser Einwilligung beruhte, f\u00fcr die Zukunft nicht mehr fortf\u00fchren d\u00fcrfen;<\/li>\n<li>gem\u00e4\u00df Art. 15 DSGVO Auskunft \u00fcber Ihre von uns verarbeiteten personenbezogenen Daten zu verlangen. Insbesondere k\u00f6nnen Sie Auskunft u\u0308ber die Verarbeitungszwecke, die Kategorie der personenbezogenen Daten, die Kategorien von Empf\u00e4ngern, gegen\u00fcber denen Ihre Daten offengelegt wurden oder werden, die geplante Speicherdauer, das Bestehen eines Rechts auf Berichtigung, L\u00f6schung, Einschr\u00e4nkung der Verarbeitung oder Widerspruch, das Bestehen eines Beschwerderechts, die Herkunft ihrer Daten, sofern diese nicht bei uns erhoben wurden, sowie \u00fcber das Bestehen einer automatisierten Entscheidungsfindung einschlie\u00dflich Profiling und ggf. aussagekr\u00e4ftigen Informationen zu deren Einzelheiten verlangen;<\/li>\n<li>gem\u00e4\u00df Art. 16 DSGVO unverz\u00fcglich die Berichtigung unrichtiger oder Vervollst\u00e4ndigung Ihrer bei uns gespeicherten personenbezogenen Daten zu verlangen;<\/li>\n<li>gem\u00e4\u00df Art. 17 DSGVO die L\u00f6schung Ihrer bei uns gespeicherten personenbezogenen Daten zu verlangen, soweit nicht die Verarbeitung zur Aus\u00fcbung des Rechts auf freie Meinungs\u00e4u\u00dferung und Information, zur Erf\u00fcllung einer rechtlichen Verpflichtung, aus Gr\u00fcnden des \u00f6ffentlichen Interesses oder zur Geltendmachung, Aus\u00fcbung oder Verteidigung von Rechtsanspr\u00fcchen erforderlich ist;<\/li>\n<li>gem\u00e4\u00df Art. 18 DSGVO die Einschr\u00e4nkung der Verarbeitung Ihrer personenbezogenen Daten zu verlangen, soweit die Richtigkeit der Daten von Ihnen bestritten wird, die Verarbeitung unrechtm\u00e4\u00dfig ist, Sie aber deren L\u00f6schung ablehnen und wir die Daten nicht mehr ben\u00f6tigen, Sie jedoch diese zur Geltendmachung, Aus\u00fcbung oder Verteidigung von Rechtsanspr\u00fcchen ben\u00f6tigen oder Sie gem\u00e4\u00df Art. 21 DSGVO Widerspruch gegen die Verarbeitung eingelegt haben;<\/li>\n<li>gem\u00e4\u00df Art. 20 DSGVO Ihre personenbezogenen Daten, die Sie uns bereitgestellt haben, in einem strukturierten, g\u00e4ngigen und maschinenlesebaren Format zu erhalten oder die \u00dcbermittlung an einen anderen Verantwortlichen zu verlangen und<\/li>\n<\/ul>\n<p>gem\u00e4\u00df Art. 77 DSGVO sich bei einer Aufsichtsbeh\u00f6rde zu beschweren. In der Regel k\u00f6nnen Sie sich hierf\u00fcr an die Aufsichtsbeh\u00f6rde Ihres \u00fcblichen Aufenthaltsortes oder Arbeitsplatzes oder unseres Sitzes wenden.<\/p>\n<h2>\u00a7 3 Weitergabe von Daten<\/h2>\n<p>Eine \u00dcbermittlung Ihrer pers\u00f6nlichen Daten an Dritte zu anderen als den im Folgenden aufgef\u00fchrten Zwecken findet nicht statt.<\/p>\n<p>Wir geben Ihre pers\u00f6nlichen Daten nur an Dritte weiter, wenn:<\/p>\n<ul>\n<li>Sie Ihre nach Art. 6 Abs. 1 S. 1 lit. a DSGVO ausdr\u00fcckliche Einwilligung dazu erteilt haben,<\/li>\n<li>die Weitergabe nach Art. 6 Abs. 1 S. 1 lit. f DSGVO zur Geltendmachung, Aus\u00fcbung oder Verteidigung von Rechtsanspr\u00fcchen erforderlich ist und kein Grund zur Annahme besteht, dass Sie ein \u00fcberwiegendes schutzw\u00fcrdiges Interesse an der Nichtweitergabe Ihrer Daten haben,<\/li>\n<li>f\u00fcr den Fall, dass f\u00fcr die Weitergabe nach Art. 6 Abs. 1 S. 1 lit. c DSGVO eine gesetzliche Verpflichtung besteht, sowie<\/li>\n<li>dies gesetzlich zul\u00e4ssig und nach Art. 6 Abs. 1 S. 1 lit. b DSGVO f\u00fcr die Abwicklung von Vertragsverh\u00e4ltnissen mit Ihnen erforderlich ist.<\/li>\n<\/ul>\n<h2>\u00a7 4 Erhebung personenbezogener Daten bei Besuch unserer Website<\/h2>\n<h3>(1) Erfassung allgemeiner Daten und Informationen<\/h3>\n<p>Bei der blo\u00df informatorischen Nutzung der Website, also wenn Sie sich nicht registrieren oder uns anderweitig Informationen \u00fcbermitteln, erheben wir nur die personenbezogenen Daten, die Ihr Browser an unseren Server \u00fcbermittelt. Wenn Sie unsere Website betrachten m\u00f6chten, erheben wir die folgenden Daten, die f\u00fcr uns technisch erforderlich sind, um Ihnen unsere Website anzuzeigen und die Stabilit\u00e4t und Sicherheit zu gew\u00e4hrleisten (Rechtsgrundlage ist Art. 6 Abs. 1 S. 1 lit. f DS-GVO):<\/p>\n<ol>\n<li>verwendeten Browsertypen und Versionen,<\/li>\n<li>das vom zugreifenden System verwendete Betriebssystem,<\/li>\n<li>die Internetseite, von welcher ein zugreifendes System auf unsere Internetseite gelangt (sogenannte Referrer),<\/li>\n<li>die Unterwebseiten, welche \u00fcber ein zugreifendes System auf unserer Internetseite angesteuert werden,<\/li>\n<li>das Datum und die Uhrzeit eines Zugriffs auf die Internetseite,<\/li>\n<li>eine Internet-Protokoll-Adresse (IP-Adresse),<\/li>\n<li>der Internet-Service-Provider des zugreifenden Systems und<\/li>\n<li>sonstige \u00e4hnliche Daten und Informationen, die der Gefahrenabwehr im Falle von Angriffen auf unsere informationstechnologischen Systeme dienen.<\/li>\n<\/ol>\n<p>Die Erhebung dieser allgemeinen Daten werden von dem Verantwortlichen nicht genutzt, um R\u00fcckschl\u00fcsse auf die betroffene Person zu erheben, sondern werden ben\u00f6tigt, um:<\/p>\n<ol>\n<li>die Inhalte unserer Internetseite korrekt auszuliefern,<\/li>\n<li>die Inhalte unserer Internetseite sowie die Werbung f\u00fcr diese zu optimieren,<br \/>\ndie dauerhafte Funktionsf\u00e4higkeit unserer informationstechnologischen Systeme und der Technik unserer Internetseite zu gew\u00e4hrleisten sowie<\/li>\n<li>um Strafverfolgungsbeh\u00f6rden im Falle eines Cyberangriffes die zur Strafverfolgung notwendigen Informationen bereitzustellen.<\/li>\n<\/ol>\n<p>Diese Daten werden tempor\u00e4r \u2013 maximal 7 Tage \u2013 in einem sog. Logfile gespeichert<\/p>\n<h3>(2) Nutzung von Cookies<\/h3>\n<p>Zus\u00e4tzlich zu den zuvor genannten Daten werden bei Ihrer Nutzung unserer Website Cookies auf Ihrem Rechner gespeichert. Bei Cookies handelt es sich um kleine Textdateien, die auf Ihrer Festplatte dem von Ihnen verwendeten Browser zugeordnet gespeichert werden und durch welche der Stelle, die den Cookie setzt (hier durch uns), bestimmte Informationen zuflie\u00dfen. Cookies k\u00f6nnen keine Programme ausf\u00fchren oder Viren auf Ihren Computer \u00fcbertragen. Sie dienen dazu, das Internetangebot insgesamt nutzerfreundlicher und effektiver zu machen.<\/p>\n<p>Der Einsatz von Cookies dient einerseits dazu, die Nutzung unseres Angebots f\u00fcr Sie angenehmer zu gestalten. So setzen wir sogenannte Session-Cookies ein, um zu erkennen, dass Sie einzelne Seiten unserer Website bereits besucht haben. Diese werden nach Verlassen unserer Seite automatisch gel\u00f6scht.<\/p>\n<p>Dar\u00fcber hinaus setzen wir ebenfalls zur Optimierung der Benutzerfreundlichkeit tempor\u00e4re Cookies ein, die f\u00fcr einen bestimmten festgelegten Zeitraum auf Ihrem Endger\u00e4t gespeichert werden. Besuchen Sie unsere Seite erneut, um unsere Dienste in Anspruch zu nehmen, wird automatisch erkannt, dass Sie bereits bei uns waren und welche Eingaben und Einstellungen sie get\u00e4tigt haben, um diese nicht noch einmal eingeben zu m\u00fcssen.<\/p>\n<p>Zum anderen setzten wir Cookies ein, um die Nutzung unserer Website statistisch zu erfassen und zum Zwecke der Optimierung unseres Angebotes f\u00fcr Sie auszuwerten. Diese Cookies erm\u00f6glichen es uns, bei einem erneuten Besuch unserer Seite automatisch zu erkennen, dass Sie bereits bei uns waren. Diese Cookies werden nach einer jeweils definierten Zeit automatisch gel\u00f6scht.<\/p>\n<p>Die durch Cookies verarbeiteten Daten sind f\u00fcr die genannten Zwecke zur Wahrung unserer berechtigten Interessen sowie der Dritter nach Art. 6 Abs. 1 S. 1 lit. f DSGVO erforderlich.<\/p>\n<p>Sie k\u00f6nnen Ihre Browser-Einstellung entsprechend Ihren W\u00fcnschen konfigurieren und z.\u2009B. die Annahme von Third-Party-Cookies oder allen Cookies ablehnen. Wir weisen Sie darauf hin, dass Sie eventuell nicht alle Funktionen dieser Website nutzen k\u00f6nnen.<\/p>\n<h2>\u00a7 5 Funktionen und Angebote im Detail<\/h2>\n<h3>1) Nutzung eines Kontaktformulars<\/h3>\n<p>Sofern eine betroffene Person per E-Mail oder \u00fcber ein Kontaktformular den Kontakt mit dem f\u00fcr die Verarbeitung Verantwortlichen aufnimmt, werden die von der betroffenen Person \u00fcbermittelten personenbezogenen Daten automatisch gespeichert. Solche auf freiwilliger Basis von einer betroffenen Person an den f\u00fcr die Verarbeitung Verantwortlichen \u00fcbermittelten personenbezogenen Daten werden f\u00fcr Zwecke der Bearbeitung oder der Kontaktaufnahme zur betroffenen Person gespeichert. Es erfolgt keine Weitergabe dieser personenbezogenen Daten an Dritte. Rechtsgrundlage ist Art. 6 Abs. 1 S. 1 lit. f DS-GVO.<\/p>\n<h3>2) Nutzung von GoogleAnalytics<\/h3>\n<p>Zum Zwecke der bedarfsgerechten Gestaltung und fortlaufenden Optimierung unserer Seiten nutzen wir Google Analytics, ein Webanalysedienst der Google Inc. (https:\/\/www.google.de\/ intl\/de\/about\/) (1600 Amphitheatre Parkway, Mountain View, CA 94043, USA; im Folgenden \u201eGoogle\u201c). In diesem Zusammenhang werden pseudonymisierte Nutzungsprofile erstellt und Cookies verwendet. Die durch den Cookie erzeugten Informationen \u00fcber Ihre Benutzung dieser Website wie<\/p>\n<ol>\n<li>verwendeten Browsertypen und Versionen,<\/li>\n<li>das vom zugreifenden System verwendete Betriebssystem,<\/li>\n<li>die Internetseite, von welcher ein zugreifendes System auf unsere Internetseite gelangt (sogenannte Referrer),<\/li>\n<li>die Unterwebseiten, welche \u00fcber ein zugreifendes System auf unserer Internetseite angesteuert werden,<\/li>\n<li>das Datum und die Uhrzeit eines Zugriffs auf die Internetseite,<\/li>\n<li>eine Internet-Protokoll-Adresse (IP-Adresse),<\/li>\n<li>der Internet-Service-Provider des zugreifenden Systems und<\/li>\n<\/ol>\n<p>werden an einen Server von Google in den USA \u00fcbertragen und dort gespeichert. Die Informationen werden verwendet, um die Nutzung der Website auszuwerten, um Reports \u00fcber die Websiteaktivit\u00e4ten zusammenzustellen und um weitere mit der Websitenutzung und der Internetnutzung verbundene Dienstleistungen zu Zwecken der Marktforschung und bedarfsgerechten Gestaltung dieser Internetseiten zu erbringen. Auch werden diese Informationen gegebenenfalls an Dritte \u00fcbertragen, sofern dies gesetzlich vorgeschrieben ist oder soweit Dritte diese Daten im Auftrag verarbeiten. Es wird in keinem Fall Ihre IP-Adresse mit anderen Daten von Google zusammengef\u00fchrt. Die IP-Adressen werden anonymisiert, so dass eine Zuordnung nicht m\u00f6glich ist (IP-Masking).<\/p>\n<p>Die personenbezogenen Daten der Nutzer werden nach 14 Monaten gel\u00f6scht oder anonymisiert.<\/p>\n<p>Sie k\u00f6nnen die Erfassung der durch das Cookie erzeugten und auf Ihre Nutzung der Website bezogenen Daten (inkl. Ihrer IP-Adresse) sowie die Verarbeitung dieser Daten durch Google verhindern, indem Sie ein Browser-Add-on herunterladen und installieren (https:\/\/ <a title=\"Tool\" href=\"https:\/\/send-os.com\/lexikon\/tool\/\" data-internallinksmanager029f6b8e52c=\"30\">tools<\/a>.google.com\/dlpage\/gaoptout?hl=de).<\/p>\n<p>Alternativ zum Browser-Add-on, insbesondere bei Browsern auf mobilen Endger\u00e4ten, k\u00f6nnen Sie die Erfassung durch Google Analytics zudem verhindern, indem Sie <a>hier klicken<\/a>, um der Erstellung von Cookies durch Google Analytics zu verhindern. Es wird ein Opt-out-Cookie gesetzt, das die zuk\u00fcnftige Erfassung Ihrer Daten beim Besuch dieser Website verhindert. Der Opt-out-Cookie gilt nur in diesem Browser und nur f\u00fcr unsere Website und wird auf Ihrem Ger\u00e4t abgelegt. L\u00f6schen Sie die Cookies in diesem Browser, m\u00fcssen Sie das Opt-out-Cookie erneut setzen.<\/p>\n<p>Weitere Informationen zur Datennutzung durch Google, Einstellungs- und Widerspruchsm\u00f6glichkeiten, erfahren Sie in der Datenschutzerkl\u00e4rung von Google (https:\/\/policies.google.com\/technologies\/ads) sowie in den Einstellungen f\u00fcr die Darstellung von Werbeeinblendungen durch Google (https:\/\/adssettings.google.com\/authenticated).<\/p>\n<p>Rechtsgrundlage ist Art. 6 Abs. 1 S. 1 lit. f DSGVO.<\/p>\n<h3>4) Nutzung von Intercom<\/h3>\n<ol>\n<li>Wir \u00fcbergeben Ihren Namen, Ihre E-Mail-Adresse und Ihre IP-Adresse zum Zweck der Kommunikation und bestm\u00f6glichen Unterst\u00fctzung unseres Produktes mit Ihnen und zur Verbesserung unserer Anwendung an INTERCOM, INC. 98 Battery Street, Suite 402, San Francisco, CA 94111 USA.<\/li>\n<li>Zu den verarbeiteten Daten k\u00f6nnen insbesondere Ihre IP-Adresse, Ihre E-Mail-Adresse und Ihren Namen. Die Daten k\u00f6nnen in den USA verarbeitet werden.<\/li>\n<li>Ausf\u00fchrliche Angaben zur Privacy Policy der INTERCOM,INC finden Sie auf https:\/\/docs.intercom.io\/pricing-and-terms\/privacy.<\/li>\n<li>Sie k\u00f6nnen die Erfassung, Ihre Nutzung, sowie die Verarbeitung dieser personenbezogenen Daten durch INTERCOM verhindern, indem Sie uns eine Email an <a href=\"mailto:info@sendos.com\">info@sendos.com<\/a> senden.<\/li>\n<\/ol>\n<h3>5) Verwendung eines Newsletters<\/h3>\n<ol>\n<li>Mit Ihrer Einwilligung k\u00f6nnen Sie unseren Newsletter abonnieren, mit dem wir Sie \u00fcber unsere aktuellen interessanten Angebote informieren. Die beworbenen Waren und Dienstleistungen sind in der Einwilligungserkl\u00e4rung benannt.<\/li>\n<li>F\u00fcr die Anmeldung zu unserem Newsletter verwenden wir das sog. Double-opt-in-Verfahren. Das hei\u00dft, dass wir Ihnen nach Ihrer Anmeldung eine E-Mail an die angegebene E-Mail-Adresse senden, in welcher wir Sie um Best\u00e4tigung bitten, dass Sie den Versand des Newsletters w\u00fcnschen. Wenn Sie Ihre Anmeldung nicht innerhalb von [24 Stunden] best\u00e4tigen, werden Ihre Informationen gesperrt und nach einem Monat automatisch gel\u00f6scht. Dar\u00fcber hinaus speichern wir jeweils Ihre eingesetzten IP-Adressen und Zeitpunkte der Anmeldung und Best\u00e4tigung. Zweck des Verfahrens ist, Ihre Anmeldung nachweisen und ggf. einen m\u00f6glichen Missbrauch Ihrer pers\u00f6nlichen Daten aufkl\u00e4ren zu k\u00f6nnen.<\/li>\n<li>Pflichtangabe f\u00fcr die \u00dcbersendung des Newsletters ist allein Ihre E-Mail-Adresse. [Die Angabe weiterer, gesondert markierter Daten ist freiwillig und wird verwendet, um Sie pers\u00f6nlich ansprechen zu k\u00f6nnen.] Nach Ihrer Best\u00e4tigung speichern wir Ihre E-Mail-Adresse zum Zweck der Zusendung des Newsletters. Rechtsgrundlage ist Art. 6 Abs. 1 S. 1 lit. a DS-GVO.<\/li>\n<li>Ihre Einwilligung in die \u00dcbersendung des Newsletters k\u00f6nnen Sie jederzeit widerrufen und den Newsletter abbestellen. Den Widerruf k\u00f6nnen Sie durch Klick auf den in jeder Newsletter-E-Mail bereitgestellten Link oder per E-Mail an <a href=\"mailto:info@send-os.com\">info@send-os.com<\/a> oder durch eine Nachricht an die im Impressum angegebenen Kontaktdaten erkl\u00e4ren.<\/li>\n<\/ol>\n<h2>\u00a7 6 Widerspruch oder Widerruf gegen die Verarbeitung Ihrer Daten<\/h2>\n<ol>\n<li>Falls Sie eine Einwilligung zur Verarbeitung Ihrer Daten erteilt haben, k\u00f6nnen Sie diese jederzeit widerrufen. Ein solcher Widerruf beeinflusst die Zul\u00e4ssigkeit der Verarbeitung Ihrer personenbezogenen Daten, nachdem Sie ihn gegen\u00fcber uns ausgesprochen haben.<\/li>\n<li>Soweit wir die Verarbeitung Ihrer personenbezogenen Daten auf die Interessenabw\u00e4gung st\u00fctzen, k\u00f6nnen Sie Widerspruch gegen die Verarbeitung einlegen. Dies ist der Fall, wenn die Verarbeitung insbesondere nicht zur Erf\u00fcllung eines Vertrags mit Ihnen erforderlich ist, was von uns jeweils bei der nachfolgenden Beschreibung der Funktionen dargestellt wird. Bei Aus\u00fcbung eines solchen Widerspruchs bitten wir um Darlegung der Gr\u00fcnde, weshalb wir Ihre personenbezogenen Daten nicht wie von uns durchgef\u00fchrt verarbeiten sollten. Im Falle Ihres begr\u00fcndeten Widerspruchs pr\u00fcfen wir die Sachlage und werden entweder die Datenverarbeitung einstellen bzw. anpassen oder Ihnen unsere zwingenden schutzw\u00fcrdigen Gr\u00fcnde aufzeigen, aufgrund derer wir die Verarbeitung fortf\u00fchren.<\/li>\n<li>Selbstverst\u00e4ndlich k\u00f6nnen Sie der Verarbeitung Ihrer personenbezogenen Daten f\u00fcr Zwecke der Werbung und Datenanalyse jederzeit widersprechen. \u00dcber Ihren Werbewiderspruch k\u00f6nnen Sie uns unter den oben genannten Kontaktdaten informieren.<\/li>\n<\/ol>\n<h2>\u00a7 7 Dauer, f\u00fcr die die personenbezogenen Daten gespeichert werden<\/h2>\n<p>Das Kriterium f\u00fcr die Dauer der Speicherung von personenbezogenen Daten ist die jeweilige gesetzliche Aufbewahrungsfrist. Nach Ablauf der Frist werden die entsprechenden Daten routinem\u00e4\u00dfig gel\u00f6scht, sofern sie nicht mehr zur Vertragserf\u00fcllung oder Vertragsanbahnung erforderlich sind.<\/p>\n<h2>\u00a7 8 Datensicherheit<\/h2>\n<p>Wir haben gem\u00e4\u00df Art. 32 DSGVO unter Ber\u00fccksichtigung des Stands der Technik, der Implementierungskosten und der Art, des Umfangs, der Umst\u00e4nde und der Zwecke der Verarbeitung sowie der unterschiedlichen Eintrittswahrscheinlichkeit und Schwere des Risikos f\u00fcr die Rechte und Freiheiten nat\u00fcrlicher Personen, geeignete technische und organisatorische Ma\u00dfnahmen umgesetzt, um ein dem Risiko angemessenes Schutzniveau zu gew\u00e4hrleisten.<\/p>\n<p>Unter anderem ist unsere Webseite und alle Bereiche in denen Sie sich anmelden k\u00f6nnen, durch eine SSL (Secure Socket Layer) Verbindung verschl\u00fcsselt. In der Regel handelt es sich dabei um eine 256 Bit Verschl\u00fcsselung.<\/p>\n<p>Diese Datenschutzerkl\u00e4rung ist aktuell g\u00fcltig und hat den Stand Mai 2018.<\/p>","protected":false},"excerpt":{"rendered":"<p>\u00a7 1 Allgemeine Informationen (1) Im Folgenden informieren wir \u00fcber die Erhebung personenbezogener Daten bei Nutzung unserer Website. Personenbezogene Daten sind alle Daten, die auf Sie pers\u00f6nlich beziehbar sind, z.\u2009B. Name, Adresse, E-Mail-Adressen, Nutzerverhalten. Ferner informieren wir Sie \u00fcber die Ihnen zustehenden Rechte. (2) Verantwortlicher gem. Art. 4 Abs. 7 EU-Datenschutz-Grundverordnung (DS-GVO) ist sendOS GmbH [&hellip;]<\/p>\n","protected":false},"author":1,"featured_media":0,"parent":0,"menu_order":0,"comment_status":"closed","ping_status":"open","template":"","meta":{"footnotes":""},"class_list":["post-3759","page","type-page","status-publish","hentry"],"acf":[],"_links":{"self":[{"href":"https:\/\/send-os.com\/en\/wp-json\/wp\/v2\/pages\/3759","targetHints":{"allow":["GET"]}}],"collection":[{"href":"https:\/\/send-os.com\/en\/wp-json\/wp\/v2\/pages"}],"about":[{"href":"https:\/\/send-os.com\/en\/wp-json\/wp\/v2\/types\/page"}],"author":[{"embeddable":true,"href":"https:\/\/send-os.com\/en\/wp-json\/wp\/v2\/users\/1"}],"replies":[{"embeddable":true,"href":"https:\/\/send-os.com\/en\/wp-json\/wp\/v2\/comments?post=3759"}],"version-history":[{"count":1,"href":"https:\/\/send-os.com\/en\/wp-json\/wp\/v2\/pages\/3759\/revisions"}],"predecessor-version":[{"id":3760,"href":"https:\/\/send-os.com\/en\/wp-json\/wp\/v2\/pages\/3759\/revisions\/3760"}],"wp:attachment":[{"href":"https:\/\/send-os.com\/en\/wp-json\/wp\/v2\/media?parent=3759"}],"curies":[{"name":"wp","href":"https:\/\/api.w.org\/{rel}","templated":true}]}}